{"id":2466,"date":"2024-12-02T11:11:59","date_gmt":"2024-12-02T10:11:59","guid":{"rendered":"https:\/\/normaudio.com\/?page_id=2466"},"modified":"2024-12-02T16:33:23","modified_gmt":"2024-12-02T15:33:23","slug":"about-us","status":"publish","type":"page","link":"https:\/\/normaudio.com\/en\/about-us\/","title":{"rendered":"About us"},"content":{"rendered":"<div class=\"wpb-content-wrapper\"><p>[vc_row css_animation=&#8221;&#8221; row_type=&#8221;row&#8221; use_row_as_full_screen_section=&#8221;no&#8221; type=&#8221;grid&#8221; angled_section=&#8221;no&#8221; text_align=&#8221;center&#8221; background_image_as_pattern=&#8221;without_pattern&#8221; z_index=&#8221;&#8221;][vc_column][vc_row_inner row_type=&#8221;row&#8221; type=&#8221;full_width&#8221; text_align=&#8221;left&#8221; css_animation=&#8221;&#8221;][vc_column_inner offset=&#8221;vc_hidden-sm vc_hidden-xs&#8221;][vc_empty_space height=&#8221;120px&#8221;][\/vc_column_inner][\/vc_row_inner][vc_empty_space height=&#8221;60px&#8221;][vc_column_text]<\/p>\n<h1 style=\"color: #837255;\">ABOUT US<\/h1>\n<p>[\/vc_column_text][vc_empty_space height=&#8221;20px&#8221;][vc_column_text el_class=&#8221;black-text&#8221;]Discover what our customers think of Norma products.[\/vc_column_text][vc_row_inner row_type=&#8221;row&#8221; type=&#8221;full_width&#8221; text_align=&#8221;left&#8221; css_animation=&#8221;&#8221;][vc_column_inner offset=&#8221;vc_hidden-sm vc_hidden-xs&#8221;][vc_empty_space height=&#8221;60px&#8221;][\/vc_column_inner][\/vc_row_inner][\/vc_column][\/vc_row][vc_row css_animation=&#8221;&#8221; row_type=&#8221;row&#8221; use_row_as_full_screen_section=&#8221;no&#8221; type=&#8221;grid&#8221; angled_section=&#8221;no&#8221; text_align=&#8221;left&#8221; background_image_as_pattern=&#8221;without_pattern&#8221; z_index=&#8221;&#8221;][vc_column][vc_column_text el_class=&#8221;black-text&#8221;]<\/p>\n<h5><strong>REVO 140<\/strong><\/h5>\n<p>[\/vc_column_text][vc_column_text el_class=&#8221;black-text paragraph-small&#8221;]<i>REVO 140 is one of our all time favorite integrated amplifiers. | M.F.<\/i>[\/vc_column_text][vc_empty_space height=&#8221;30px&#8221;][\/vc_column][\/vc_row][vc_row css_animation=&#8221;&#8221; row_type=&#8221;row&#8221; use_row_as_full_screen_section=&#8221;no&#8221; type=&#8221;grid&#8221; angled_section=&#8221;no&#8221; text_align=&#8221;left&#8221; background_image_as_pattern=&#8221;without_pattern&#8221; z_index=&#8221;&#8221;][vc_column][vc_column_text el_class=&#8221;black-text&#8221;]<\/p>\n<h5><strong>NORMA A-DAC<\/strong><\/h5>\n<p>[\/vc_column_text][vc_column_text el_class=&#8221;black-text paragraph-small&#8221;]<i> The sound of Norma A-DAC is a clear and significant improvement over DS-1. This is obvious even without break-in time. To say it simply, the sound is more accurate and more real!<br \/>\nYes \u2014 definitely more analog sounding in the direction of a good vinyl record in terms of greater realism, more texture and greater density to the music.<br \/>\nSoundstage is huge with a lot of depth and dimensionality. Definitely a bigger more layered soundstage than DS-1.<br \/>\nThe player is highly detailed but in a natural way. In fact it is pulling information from familiar CDs I didn\u2019t hear before or that I now hear more clearly than before.<br \/>\nThe imaging is also superb \u2014 razor sharp and sounds on stage are located with great precision. You get the sense you are hearing everything in exactly the same way as the original performance.<br \/>\nAccuracy is simply way better than before. Cymbals and piano just sound so much more real and voices are more human \/ less synthetic.<br \/>\nNot just bigger soundstage, more details, etc. \u2014 which it definitely has \u2014 but a fundamentally different ( more real ) presentation.<br \/>\nI didn\u2019t expect such a big improvement over DS-1 but there clearly is. | A.K.<\/i>[\/vc_column_text][vc_empty_space height=&#8221;30px&#8221;][\/vc_column][\/vc_row][vc_row css_animation=&#8221;&#8221; row_type=&#8221;row&#8221; use_row_as_full_screen_section=&#8221;no&#8221; type=&#8221;grid&#8221; angled_section=&#8221;no&#8221; text_align=&#8221;left&#8221; background_image_as_pattern=&#8221;without_pattern&#8221; z_index=&#8221;&#8221;][vc_column][vc_column_text el_class=&#8221;black-text&#8221;]<\/p>\n<h5><strong>SINERGIE<\/strong><\/h5>\n<p>[\/vc_column_text][vc_column_text el_class=&#8221;black-text paragraph-small&#8221;]<i>\u00c8 proprio vero che spesso \u00e8 il dettaglio che fa la differenza e che fa s\u00ec che si creino le giuste sinergie in una catena d\u2019ascolto.<br \/>\nIo come tanti credo di avere sperimentato nel corso del tempo una quantit\u00e0 incredibile di combinazione e di elettroniche pi\u00f9 o meno valide. Per certi versi potrei dire di aver sbattuto via un sacco di tempo e di denaro in questa fase di ricerca, ma in realt\u00e0 sono state esperienze utili per la mia crescita personale.<br \/>\nCredo che il giro di boa per me sia avvenuto quando piano piano l\u2019interesse dell\u2019ascolto si \u00e8 spostato progressivamente dall\u2019impianto alla musica. E a tal proposito potrei direi che i prodotti Norma siano stati per me decisamente utili nell\u2019aiutarmi nella messa a fuoco di questo mio nuovo obiettivo| R.Z.<\/i>[\/vc_column_text][vc_empty_space height=&#8221;30px&#8221;][\/vc_column][\/vc_row][vc_row css_animation=&#8221;&#8221; row_type=&#8221;row&#8221; use_row_as_full_screen_section=&#8221;no&#8221; type=&#8221;grid&#8221; angled_section=&#8221;no&#8221; text_align=&#8221;left&#8221; background_image_as_pattern=&#8221;without_pattern&#8221; z_index=&#8221;&#8221;][vc_column][vc_column_text el_class=&#8221;black-text&#8221;]<\/p>\n<h5><strong>REVO DAC-2<\/strong><\/h5>\n<p>[\/vc_column_text][vc_column_text el_class=&#8221;black-text paragraph-small&#8221;]<i>So I\u2019ve found with my system that I\u2019ve had a wall that has been difficult to break through. The introduction of the DAC-2 has broken through that wall!<br \/>\nKudos to you guys for doing a heck of a job on this new DAC technology. It is sublime. | D.S.<\/i>[\/vc_column_text][vc_empty_space height=&#8221;30px&#8221;][\/vc_column][\/vc_row][vc_row css_animation=&#8221;&#8221; row_type=&#8221;row&#8221; use_row_as_full_screen_section=&#8221;no&#8221; type=&#8221;grid&#8221; angled_section=&#8221;no&#8221; text_align=&#8221;left&#8221; background_image_as_pattern=&#8221;without_pattern&#8221; z_index=&#8221;&#8221;][vc_column][vc_column_text el_class=&#8221;black-text&#8221;]<\/p>\n<h5><strong>ANCORA SUL NORMA A-DAC\u2026<\/strong><\/h5>\n<p>[\/vc_column_text][vc_column_text el_class=&#8221;black-text paragraph-small&#8221;]<i>Sono uno dei primissimi proprietari del nuovo DAC Norma ed \u00e8 un convertitore fantastico, che restituisce una sensazione analogica dalle sorgenti digitali. Consigliatissimo! | L.B.<\/i>[\/vc_column_text][vc_empty_space height=&#8221;30px&#8221;][\/vc_column][\/vc_row][vc_row css_animation=&#8221;&#8221; row_type=&#8221;row&#8221; use_row_as_full_screen_section=&#8221;no&#8221; type=&#8221;grid&#8221; angled_section=&#8221;no&#8221; text_align=&#8221;center&#8221; background_image_as_pattern=&#8221;without_pattern&#8221; z_index=&#8221;&#8221;][vc_column][vc_empty_space height=&#8221;60px&#8221;]<span data-type=\"square\" data-hover-bg-color=\"#c9c9c9\" data-hover-icon-color=\"#a58f68\" class=\"qode_icon_shortcode fa-stack q_font_awsome_icon_square fa-lg pull-center \" style=\"background-color: rgba(0,0,0,0.01);border: 1px solid #c9c9c9;font-size: 40px;font-size: 40px;border-radius: 90px; \"><a   itemprop=\"url\" href=\"https:\/\/normaudio.com\/wp-content\/uploads\/2024\/11\/normaudio-dicono-di-noi.pdf\" target=\"_blank\"><i class=\"qode_icon_font_awesome fa fa-file-pdf-o qode_icon_element\" style=\"font-size: 40px;color: #a58f68;\" ><\/i><\/a><\/span>[vc_empty_space height=&#8221;20px&#8221;][vc_column_text el_class=&#8221;black-text&#8221;]<\/p>\n<h6>READ ALL THE<\/h6>\n<p>[\/vc_column_text][vc_column_text el_class=&#8221;gold-text&#8221;]<\/p>\n<h3><strong>COMMENTS<\/strong><\/h3>\n<p>[\/vc_column_text][vc_separator type=&#8221;small&#8221; position=&#8221;center&#8221; color=&#8221;#a58f68&#8243; thickness=&#8221;2&#8243; width=&#8221;150&#8243; up=&#8221;10&#8243; down=&#8221;0&#8243;][vc_empty_space height=&#8221;60px&#8221;][\/vc_column][\/vc_row]<\/p>\n<\/div>","protected":false},"excerpt":{"rendered":"<p>[vc_row css_animation=&#8221;&#8221; row_type=&#8221;row&#8221; use_row_as_full_screen_section=&#8221;no&#8221; type=&#8221;grid&#8221; angled_section=&#8221;no&#8221; text_align=&#8221;center&#8221; background_image_as_pattern=&#8221;without_pattern&#8221; z_index=&#8221;&#8221;][vc_column][vc_row_inner row_type=&#8221;row&#8221; type=&#8221;full_width&#8221; text_align=&#8221;left&#8221; css_animation=&#8221;&#8221;][vc_column_inner offset=&#8221;vc_hidden-sm vc_hidden-xs&#8221;][vc_empty_space height=&#8221;120px&#8221;][\/vc_column_inner][\/vc_row_inner][vc_empty_space height=&#8221;60px&#8221;][vc_column_text] ABOUT US [\/vc_column_text][vc_empty_space height=&#8221;20px&#8221;][vc_column_text el_class=&#8221;black-text&#8221;]Discover what our customers think of Norma products.[\/vc_column_text][vc_row_inner row_type=&#8221;row&#8221; type=&#8221;full_width&#8221; text_align=&#8221;left&#8221; css_animation=&#8221;&#8221;][vc_column_inner offset=&#8221;vc_hidden-sm vc_hidden-xs&#8221;][vc_empty_space height=&#8221;60px&#8221;][\/vc_column_inner][\/vc_row_inner][\/vc_column][\/vc_row][vc_row css_animation=&#8221;&#8221; row_type=&#8221;row&#8221; use_row_as_full_screen_section=&#8221;no&#8221; type=&#8221;grid&#8221; angled_section=&#8221;no&#8221; text_align=&#8221;left&#8221; background_image_as_pattern=&#8221;without_pattern&#8221; z_index=&#8221;&#8221;][vc_column][vc_column_text el_class=&#8221;black-text&#8221;] REVO 140 [\/vc_column_text][vc_column_text el_class=&#8221;black-text paragraph-small&#8221;]REVO 140 is one of our all time favorite integrated amplifiers. | M.F.[\/vc_column_text][vc_empty_space height=&#8221;30px&#8221;][\/vc_column][\/vc_row][vc_row css_animation=&#8221;&#8221; row_type=&#8221;row&#8221; use_row_as_full_screen_section=&#8221;no&#8221; type=&#8221;grid&#8221; angled_section=&#8221;no&#8221; text_align=&#8221;left&#8221; background_image_as_pattern=&#8221;without_pattern&#8221; z_index=&#8221;&#8221;][vc_column][vc_column_text el_class=&#8221;black-text&#8221;] NORMA A-DAC [\/vc_column_text][vc_column_text el_class=&#8221;black-text paragraph-small&#8221;] The sound of Norma A-DAC is a clear and significant improvement over DS-1. This is obvious even without break-in time. To say it&#8230;<\/p>\n","protected":false},"author":5,"featured_media":0,"parent":0,"menu_order":0,"comment_status":"closed","ping_status":"closed","template":"full_width.php","meta":{"footnotes":""},"yoast_head":"<!-- This site is optimized with the Yoast SEO plugin v22.4 - https:\/\/yoast.com\/wordpress\/plugins\/seo\/ -->\n<title>Tutte le recensioni dei prodotti della gamma Norma<\/title>\n<meta name=\"description\" content=\"Raccolta di recensioni sui preamplificatori, gli amplificatori e tutti gli altri prodotti nella gamma Norma.\" \/>\n<meta name=\"robots\" content=\"index, follow, max-snippet:-1, max-image-preview:large, max-video-preview:-1\" \/>\n<link rel=\"canonical\" href=\"https:\/\/normaudio.com\/en\/about-us\/\" \/>\n<meta property=\"og:locale\" content=\"en_US\" \/>\n<meta property=\"og:type\" content=\"article\" \/>\n<meta property=\"og:title\" content=\"Tutte le recensioni dei prodotti della gamma Norma\" \/>\n<meta property=\"og:description\" content=\"Raccolta di recensioni sui preamplificatori, gli amplificatori e tutti gli altri prodotti nella gamma Norma.\" \/>\n<meta property=\"og:url\" content=\"https:\/\/normaudio.com\/en\/about-us\/\" \/>\n<meta property=\"og:site_name\" content=\"Norma audio electronics\" \/>\n<meta property=\"article:publisher\" content=\"https:\/\/www.facebook.com\/profile.php?id=100063581199932\" \/>\n<meta property=\"article:modified_time\" content=\"2024-12-02T15:33:23+00:00\" \/>\n<meta name=\"twitter:card\" content=\"summary_large_image\" \/>\n<meta name=\"twitter:label1\" content=\"Est. reading time\" \/>\n\t<meta name=\"twitter:data1\" content=\"4 minutes\" \/>\n<script type=\"application\/ld+json\" class=\"yoast-schema-graph\">{\"@context\":\"https:\/\/schema.org\",\"@graph\":[{\"@type\":\"WebPage\",\"@id\":\"https:\/\/normaudio.com\/en\/about-us\/\",\"url\":\"https:\/\/normaudio.com\/en\/about-us\/\",\"name\":\"Tutte le recensioni dei prodotti della gamma Norma\",\"isPartOf\":{\"@id\":\"https:\/\/normaudio.com\/en\/#website\"},\"datePublished\":\"2024-12-02T10:11:59+00:00\",\"dateModified\":\"2024-12-02T15:33:23+00:00\",\"description\":\"Raccolta di recensioni sui preamplificatori, gli amplificatori e tutti gli altri prodotti nella gamma Norma.\",\"breadcrumb\":{\"@id\":\"https:\/\/normaudio.com\/en\/about-us\/#breadcrumb\"},\"inLanguage\":\"en-US\",\"potentialAction\":[{\"@type\":\"ReadAction\",\"target\":[\"https:\/\/normaudio.com\/en\/about-us\/\"]}]},{\"@type\":\"BreadcrumbList\",\"@id\":\"https:\/\/normaudio.com\/en\/about-us\/#breadcrumb\",\"itemListElement\":[{\"@type\":\"ListItem\",\"position\":1,\"name\":\"Home\",\"item\":\"https:\/\/normaudio.com\/en\/\"},{\"@type\":\"ListItem\",\"position\":2,\"name\":\"About us\"}]},{\"@type\":\"WebSite\",\"@id\":\"https:\/\/normaudio.com\/en\/#website\",\"url\":\"https:\/\/normaudio.com\/en\/\",\"name\":\"Norma audio electronics\",\"description\":\"preamplificatori, amplificatori e sorgenti digitali alta fedelt\u00e0\",\"publisher\":{\"@id\":\"https:\/\/normaudio.com\/en\/#organization\"},\"potentialAction\":[{\"@type\":\"SearchAction\",\"target\":{\"@type\":\"EntryPoint\",\"urlTemplate\":\"https:\/\/normaudio.com\/en\/?s={search_term_string}\"},\"query-input\":\"required name=search_term_string\"}],\"inLanguage\":\"en-US\"},{\"@type\":\"Organization\",\"@id\":\"https:\/\/normaudio.com\/en\/#organization\",\"name\":\"Norma audio electronics\",\"url\":\"https:\/\/normaudio.com\/en\/\",\"logo\":{\"@type\":\"ImageObject\",\"inLanguage\":\"en-US\",\"@id\":\"https:\/\/normaudio.com\/en\/#\/schema\/logo\/image\/\",\"url\":\"https:\/\/normaudio.com\/wp-content\/uploads\/2023\/07\/logo-norma-favicon.png\",\"contentUrl\":\"https:\/\/normaudio.com\/wp-content\/uploads\/2023\/07\/logo-norma-favicon.png\",\"width\":288,\"height\":288,\"caption\":\"Norma audio electronics\"},\"image\":{\"@id\":\"https:\/\/normaudio.com\/en\/#\/schema\/logo\/image\/\"},\"sameAs\":[\"https:\/\/www.facebook.com\/profile.php?id=100063581199932\",\"https:\/\/www.instagram.com\/normaaudio\/\",\"https:\/\/www.youtube.com\/@normaaudioelectronics81\"]}]}<\/script>\n<!-- \/ Yoast SEO plugin. -->","yoast_head_json":{"title":"Tutte le recensioni dei prodotti della gamma Norma","description":"Raccolta di recensioni sui preamplificatori, gli amplificatori e tutti gli altri prodotti nella gamma Norma.","robots":{"index":"index","follow":"follow","max-snippet":"max-snippet:-1","max-image-preview":"max-image-preview:large","max-video-preview":"max-video-preview:-1"},"canonical":"https:\/\/normaudio.com\/en\/about-us\/","og_locale":"en_US","og_type":"article","og_title":"Tutte le recensioni dei prodotti della gamma Norma","og_description":"Raccolta di recensioni sui preamplificatori, gli amplificatori e tutti gli altri prodotti nella gamma Norma.","og_url":"https:\/\/normaudio.com\/en\/about-us\/","og_site_name":"Norma audio electronics","article_publisher":"https:\/\/www.facebook.com\/profile.php?id=100063581199932","article_modified_time":"2024-12-02T15:33:23+00:00","twitter_card":"summary_large_image","twitter_misc":{"Est. reading time":"4 minutes"},"schema":{"@context":"https:\/\/schema.org","@graph":[{"@type":"WebPage","@id":"https:\/\/normaudio.com\/en\/about-us\/","url":"https:\/\/normaudio.com\/en\/about-us\/","name":"Tutte le recensioni dei prodotti della gamma Norma","isPartOf":{"@id":"https:\/\/normaudio.com\/en\/#website"},"datePublished":"2024-12-02T10:11:59+00:00","dateModified":"2024-12-02T15:33:23+00:00","description":"Raccolta di recensioni sui preamplificatori, gli amplificatori e tutti gli altri prodotti nella gamma Norma.","breadcrumb":{"@id":"https:\/\/normaudio.com\/en\/about-us\/#breadcrumb"},"inLanguage":"en-US","potentialAction":[{"@type":"ReadAction","target":["https:\/\/normaudio.com\/en\/about-us\/"]}]},{"@type":"BreadcrumbList","@id":"https:\/\/normaudio.com\/en\/about-us\/#breadcrumb","itemListElement":[{"@type":"ListItem","position":1,"name":"Home","item":"https:\/\/normaudio.com\/en\/"},{"@type":"ListItem","position":2,"name":"About us"}]},{"@type":"WebSite","@id":"https:\/\/normaudio.com\/en\/#website","url":"https:\/\/normaudio.com\/en\/","name":"Norma audio electronics","description":"preamplificatori, amplificatori e sorgenti digitali alta fedelt\u00e0","publisher":{"@id":"https:\/\/normaudio.com\/en\/#organization"},"potentialAction":[{"@type":"SearchAction","target":{"@type":"EntryPoint","urlTemplate":"https:\/\/normaudio.com\/en\/?s={search_term_string}"},"query-input":"required name=search_term_string"}],"inLanguage":"en-US"},{"@type":"Organization","@id":"https:\/\/normaudio.com\/en\/#organization","name":"Norma audio electronics","url":"https:\/\/normaudio.com\/en\/","logo":{"@type":"ImageObject","inLanguage":"en-US","@id":"https:\/\/normaudio.com\/en\/#\/schema\/logo\/image\/","url":"https:\/\/normaudio.com\/wp-content\/uploads\/2023\/07\/logo-norma-favicon.png","contentUrl":"https:\/\/normaudio.com\/wp-content\/uploads\/2023\/07\/logo-norma-favicon.png","width":288,"height":288,"caption":"Norma audio electronics"},"image":{"@id":"https:\/\/normaudio.com\/en\/#\/schema\/logo\/image\/"},"sameAs":["https:\/\/www.facebook.com\/profile.php?id=100063581199932","https:\/\/www.instagram.com\/normaaudio\/","https:\/\/www.youtube.com\/@normaaudioelectronics81"]}]}},"_links":{"self":[{"href":"https:\/\/normaudio.com\/en\/wp-json\/wp\/v2\/pages\/2466"}],"collection":[{"href":"https:\/\/normaudio.com\/en\/wp-json\/wp\/v2\/pages"}],"about":[{"href":"https:\/\/normaudio.com\/en\/wp-json\/wp\/v2\/types\/page"}],"author":[{"embeddable":true,"href":"https:\/\/normaudio.com\/en\/wp-json\/wp\/v2\/users\/5"}],"replies":[{"embeddable":true,"href":"https:\/\/normaudio.com\/en\/wp-json\/wp\/v2\/comments?post=2466"}],"version-history":[{"count":0,"href":"https:\/\/normaudio.com\/en\/wp-json\/wp\/v2\/pages\/2466\/revisions"}],"wp:attachment":[{"href":"https:\/\/normaudio.com\/en\/wp-json\/wp\/v2\/media?parent=2466"}],"curies":[{"name":"wp","href":"https:\/\/api.w.org\/{rel}","templated":true}]}}